{"id":1699,"date":"2019-02-27T12:18:40","date_gmt":"2019-02-27T18:18:40","guid":{"rendered":"http:\/\/fundacion-stresser.com.mx\/beta\/fr\/?page_id=1699"},"modified":"2019-08-08T13:14:22","modified_gmt":"2019-08-08T18:14:22","slug":"actions-realisees","status":"publish","type":"page","link":"http:\/\/fundacion-stresser.com.mx\/fr\/actions-realisees\/","title":{"rendered":"Actions r\u00e9alis\u00e9es"},"content":{"rendered":"<p>[vc_section css=\u00a0\u00bb.vc_custom_1551290147430{margin-top: 0px !important;padding-top: 0px !important;padding-bottom: 55px !important;}\u00a0\u00bb][vc_row][vc_column width=\u00a0\u00bb1\/6&Prime;][\/vc_column][vc_column width=\u00a0\u00bb2\/3&Prime;][vc_separator color=\u00a0\u00bbcustom\u00a0\u00bb el_width=\u00a0\u00bb10&Prime; accent_color=\u00a0\u00bb#adadad\u00a0\u00bb][\/vc_column][vc_column width=\u00a0\u00bb1\/6&Prime;][\/vc_column][\/vc_row][vc_row][vc_column width=\u00a0\u00bb1\/6&Prime;][vc_empty_space height=\u00a0\u00bb5px\u00a0\u00bb][vc_single_image image=\u00a0\u00bb1702&Prime; img_size=\u00a0\u00bbfull\u00a0\u00bb alignment=\u00a0\u00bbright\u00a0\u00bb css=\u00a0\u00bb.vc_custom_1551291637559{margin-right: 0px !important;padding-right: 0px !important;}\u00a0\u00bb][\/vc_column][vc_column width=\u00a0\u00bb2\/3&Prime; css=\u00a0\u00bb.vc_custom_1551291597510{margin-left: 0px !important;padding-left: 0px !important;}\u00a0\u00bb][vc_column_text css=\u00a0\u00bb.vc_custom_1552592983326{margin-left: 0px !important;padding-left: 0px !important;}\u00a0\u00bb]Achat d\u2019une camionnette Nissan pour les arch\u00e9ologues du CEMCA.[\/vc_column_text][\/vc_column][vc_column width=\u00a0\u00bb1\/6&Prime;][\/vc_column][\/vc_row][vc_row][vc_column][vc_separator color=\u00a0\u00bbcustom\u00a0\u00bb el_width=\u00a0\u00bb70&Prime; accent_color=\u00a0\u00bb#c9c9c9&Prime;][\/vc_column][\/vc_row][vc_row][vc_column width=\u00a0\u00bb1\/6&Prime;][vc_empty_space height=\u00a0\u00bb5px\u00a0\u00bb][vc_single_image image=\u00a0\u00bb1702&Prime; img_size=\u00a0\u00bbfull\u00a0\u00bb alignment=\u00a0\u00bbright\u00a0\u00bb css=\u00a0\u00bb.vc_custom_1551291637559{margin-right: 0px !important;padding-right: 0px !important;}\u00a0\u00bb][\/vc_column][vc_column width=\u00a0\u00bb2\/3&Prime; css=\u00a0\u00bb.vc_custom_1551291597510{margin-left: 0px !important;padding-left: 0px !important;}\u00a0\u00bb][vc_column_text css=\u00a0\u00bb.vc_custom_1552592995194{margin-left: 0px !important;padding-left: 0px !important;}\u00a0\u00bb]Aide financi\u00e8re pour l\u2019inauguration de l\u2019exposition sur l\u2019arch\u00e9ologie du Michoac\u00e1n \u00ab\u00a0La Ciudad Perdida. Ra\u00edces de los soberanos tarascos\u00a0\u00bb (27 avril \u2013 29 juillet 2018). Cette exposition a \u00e9t\u00e9 organis\u00e9e au Mus\u00e9e National d\u2019Anthropologie par Eliseo Padilla Guti\u00e9rrez, responsable de la salle d\u2019Occident du Mus\u00e9e et Gr\u00e9gory Pereira (UMR 8096\/CEMCA).[\/vc_column_text][vc_single_image image=\u00a0\u00bb1708&Prime; img_size=\u00a0\u00bbfull\u00a0\u00bb alignment=\u00a0\u00bbcenter\u00a0\u00bb][\/vc_column][vc_column width=\u00a0\u00bb1\/6&Prime;][\/vc_column][\/vc_row][vc_row][vc_column][vc_separator color=\u00a0\u00bbcustom\u00a0\u00bb el_width=\u00a0\u00bb70&Prime; accent_color=\u00a0\u00bb#c9c9c9&Prime;][\/vc_column][\/vc_row][vc_row][vc_column width=\u00a0\u00bb1\/6&Prime;][vc_empty_space height=\u00a0\u00bb5px\u00a0\u00bb][vc_single_image image=\u00a0\u00bb1702&Prime; img_size=\u00a0\u00bbfull\u00a0\u00bb alignment=\u00a0\u00bbright\u00a0\u00bb css=\u00a0\u00bb.vc_custom_1551291637559{margin-right: 0px !important;padding-right: 0px !important;}\u00a0\u00bb][\/vc_column][vc_column width=\u00a0\u00bb2\/3&Prime; css=\u00a0\u00bb.vc_custom_1551291597510{margin-left: 0px !important;padding-left: 0px !important;}\u00a0\u00bb][vc_column_text css=\u00a0\u00bb.vc_custom_1565288059617{margin-left: 0px !important;padding-left: 0px !important;}\u00a0\u00bb]Publication, en co\u00e9dition avec le Mus\u00e9e National d\u2019Anthropologie et le CEMCA, des fouilles de Vista Hermosa, Tamaulipas. Trois volumes, onze auteurs diff\u00e9rents fran\u00e7ais et mexicains, \u00e9dition en espagnol. En vente au CEMCA et \u00e0 l\u2019INAH.<\/p>\n<p>Prix du duc de Loubat d\u00e9cern\u00e9 en 2019 par l\u2019Acad\u00e9mie des Inscriptions et Belles-Lettres, Paris, France.[\/vc_column_text][\/vc_column][vc_column width=\u00a0\u00bb1\/6&Prime;][\/vc_column][\/vc_row][vc_row][vc_column][vc_separator color=\u00a0\u00bbcustom\u00a0\u00bb el_width=\u00a0\u00bb70&Prime; accent_color=\u00a0\u00bb#c9c9c9&Prime;][\/vc_column][\/vc_row][vc_row][vc_column width=\u00a0\u00bb1\/6&Prime;][vc_empty_space height=\u00a0\u00bb5px\u00a0\u00bb][vc_single_image image=\u00a0\u00bb1702&Prime; img_size=\u00a0\u00bbfull\u00a0\u00bb alignment=\u00a0\u00bbright\u00a0\u00bb css=\u00a0\u00bb.vc_custom_1551291637559{margin-right: 0px !important;padding-right: 0px !important;}\u00a0\u00bb][\/vc_column][vc_column width=\u00a0\u00bb2\/3&Prime; css=\u00a0\u00bb.vc_custom_1551291597510{margin-left: 0px !important;padding-left: 0px !important;}\u00a0\u00bb][vc_column_text css=\u00a0\u00bb.vc_custom_1552593018156{margin-left: 0px !important;padding-left: 0px !important;}\u00a0\u00bb]Organisation et r\u00e9alisation d\u2019un colloque international\u00a0: \u00ab\u00a0Vida y creencias en la Huasteca poscl\u00e1sica\u00a0\u00bb. Ce colloque a eu lieu les 13 et 14 novembre 2018 au Mus\u00e9e National d\u2019Anthropologie de Mexico, Auditoire Tlaloc. Plus de 20 participants de nationalit\u00e9 mexicaine, fran\u00e7aise et am\u00e9ricaine. Comit\u00e9 organisateur\u00a0: Kim Richter, Laura Filloy Nadal et Adri\u00e1n Vel\u00e1zquez Castro.[\/vc_column_text][vc_single_image image=\u00a0\u00bb1711&Prime; img_size=\u00a0\u00bbfull\u00a0\u00bb alignment=\u00a0\u00bbcenter\u00a0\u00bb][\/vc_column][vc_column width=\u00a0\u00bb1\/6&Prime;][\/vc_column][\/vc_row][vc_row][vc_column][vc_separator color=\u00a0\u00bbcustom\u00a0\u00bb el_width=\u00a0\u00bb70&Prime; accent_color=\u00a0\u00bb#c9c9c9&Prime;][\/vc_column][\/vc_row][vc_row][vc_column width=\u00a0\u00bb1\/6&Prime;][vc_empty_space height=\u00a0\u00bb5px\u00a0\u00bb][vc_single_image image=\u00a0\u00bb1702&Prime; img_size=\u00a0\u00bbfull\u00a0\u00bb alignment=\u00a0\u00bbright\u00a0\u00bb css=\u00a0\u00bb.vc_custom_1551291637559{margin-right: 0px !important;padding-right: 0px !important;}\u00a0\u00bb][\/vc_column][vc_column width=\u00a0\u00bb2\/3&Prime; css=\u00a0\u00bb.vc_custom_1551291597510{margin-left: 0px !important;padding-left: 0px !important;}\u00a0\u00bb][vc_column_text css=\u00a0\u00bb.vc_custom_1552593029452{margin-left: 0px !important;padding-left: 0px !important;}\u00a0\u00bb]Organisation d\u2019une exposition au Mus\u00e9e National d\u2019Anthropologie de Mexico\u00a0: \u00ab\u00a0Andy Seuffert\u00a0: arte y arqueolog\u00eda\u00a0\u00bb. Cette exposition pr\u00e9senta quelques c\u00e9ramiques huast\u00e8ques postclassiques et les gouaches r\u00e9alis\u00e9es par Andy Seuffert (13 novembre 2018 &#8211; janvier 2019).[\/vc_column_text][vc_single_image image=\u00a0\u00bb1712&Prime; img_size=\u00a0\u00bbfull\u00a0\u00bb alignment=\u00a0\u00bbcenter\u00a0\u00bb][\/vc_column][vc_column width=\u00a0\u00bb1\/6&Prime;][\/vc_column][\/vc_row][vc_row][vc_column][vc_separator color=\u00a0\u00bbcustom\u00a0\u00bb el_width=\u00a0\u00bb70&Prime; accent_color=\u00a0\u00bb#c9c9c9&Prime;][\/vc_column][\/vc_row][vc_row][vc_column width=\u00a0\u00bb1\/6&Prime;][vc_empty_space height=\u00a0\u00bb5px\u00a0\u00bb][vc_single_image image=\u00a0\u00bb1702&Prime; img_size=\u00a0\u00bbfull\u00a0\u00bb alignment=\u00a0\u00bbright\u00a0\u00bb css=\u00a0\u00bb.vc_custom_1551291637559{margin-right: 0px !important;padding-right: 0px !important;}\u00a0\u00bb][\/vc_column][vc_column width=\u00a0\u00bb2\/3&Prime; css=\u00a0\u00bb.vc_custom_1551291597510{margin-left: 0px !important;padding-left: 0px !important;}\u00a0\u00bb][vc_column_text css=\u00a0\u00bb.vc_custom_1553282711433{margin-left: 0px !important;padding-left: 0px !important;}\u00a0\u00bb]Pr\u00e9sentation des trois volumes de Vista Hermosa le 14 novembre 2018, dans la salle Jaime Torres Bodet du Mus\u00e9e National d\u2019Anthropologie de Mexico. Rebecca Gonz\u00e1lez Lauck, responsable de la salle du Golfe du Mus\u00e9e annon\u00e7a les pr\u00e9sentatrices des trois volumes\u00a0: Gabriela Uru\u00f1uela (Universidad de las Am\u00e9ricas, Puebla), Sara Ladr\u00f3n de Guevara (recteur, Universidad Veracruzana) et Kim Richter (Getty Research Institute). Prirent \u00e9galement la parole Claude Stresser-P\u00e9an qui remercia tous ceux qui avaient particip\u00e9 \u00e0 l\u2019\u00e9laboration des trois volumes et Bernard Tallet, Directeur du CEMCA, co\u00e9diteur des livres. Cette pr\u00e9sentation a \u00e9t\u00e9 suivie d\u2019un vin d\u2019honneur.[\/vc_column_text][vc_single_image image=\u00a0\u00bb1713&Prime; img_size=\u00a0\u00bbfull\u00a0\u00bb alignment=\u00a0\u00bbcenter\u00a0\u00bb][\/vc_column][vc_column width=\u00a0\u00bb1\/6&Prime;][\/vc_column][\/vc_row][vc_row][vc_column][vc_separator color=\u00a0\u00bbcustom\u00a0\u00bb el_width=\u00a0\u00bb70&Prime; accent_color=\u00a0\u00bb#c9c9c9&Prime;][\/vc_column][\/vc_row][vc_row][vc_column width=\u00a0\u00bb1\/6&Prime;][vc_empty_space height=\u00a0\u00bb5px\u00a0\u00bb][vc_single_image image=\u00a0\u00bb1702&Prime; img_size=\u00a0\u00bbfull\u00a0\u00bb alignment=\u00a0\u00bbright\u00a0\u00bb css=\u00a0\u00bb.vc_custom_1551291637559{margin-right: 0px !important;padding-right: 0px !important;}\u00a0\u00bb][\/vc_column][vc_column width=\u00a0\u00bb2\/3&Prime; css=\u00a0\u00bb.vc_custom_1551291597510{margin-left: 0px !important;padding-left: 0px !important;}\u00a0\u00bb][vc_column_text css=\u00a0\u00bb.vc_custom_1552593051602{margin-left: 0px !important;padding-left: 0px !important;}\u00a0\u00bb]D\u00e9signation d\u2019un boursier mexicain.[\/vc_column_text][\/vc_column][vc_column width=\u00a0\u00bb1\/6&Prime;][\/vc_column][\/vc_row][\/vc_section]<\/p>\n","protected":false},"excerpt":{"rendered":"<p>[vc_section css=\u00a0\u00bb.vc_custom_1551290147430{margin-top: 0px !important;padding-top: 0px !important;padding-bottom: 55px !important;}\u00a0\u00bb][vc_row][vc_column width=\u00a0\u00bb1\/6&Prime;][\/vc_column][vc_column width=\u00a0\u00bb2\/3&Prime;][vc_separator color=\u00a0\u00bbcustom\u00a0\u00bb el_width=\u00a0\u00bb10&Prime; accent_color=\u00a0\u00bb#adadad\u00a0\u00bb][\/vc_column][vc_column width=\u00a0\u00bb1\/6&Prime;][\/vc_column][\/vc_row][vc_row][vc_column width=\u00a0\u00bb1\/6&Prime;][vc_empty_space height=\u00a0\u00bb5px\u00a0\u00bb][vc_single_image image=\u00a0\u00bb1702&Prime; img_size=\u00a0\u00bbfull\u00a0\u00bb alignment=\u00a0\u00bbright\u00a0\u00bb css=\u00a0\u00bb.vc_custom_1551291637559{margin-right:\u2026 <a href=\"http:\/\/fundacion-stresser.com.mx\/fr\/actions-realisees\/\">more<\/a><\/p>\n","protected":false},"author":1,"featured_media":0,"parent":0,"menu_order":0,"comment_status":"closed","ping_status":"closed","template":"","meta":{"footnotes":""},"_links":{"self":[{"href":"http:\/\/fundacion-stresser.com.mx\/fr\/wp-json\/wp\/v2\/pages\/1699"}],"collection":[{"href":"http:\/\/fundacion-stresser.com.mx\/fr\/wp-json\/wp\/v2\/pages"}],"about":[{"href":"http:\/\/fundacion-stresser.com.mx\/fr\/wp-json\/wp\/v2\/types\/page"}],"author":[{"embeddable":true,"href":"http:\/\/fundacion-stresser.com.mx\/fr\/wp-json\/wp\/v2\/users\/1"}],"replies":[{"embeddable":true,"href":"http:\/\/fundacion-stresser.com.mx\/fr\/wp-json\/wp\/v2\/comments?post=1699"}],"version-history":[{"count":14,"href":"http:\/\/fundacion-stresser.com.mx\/fr\/wp-json\/wp\/v2\/pages\/1699\/revisions"}],"predecessor-version":[{"id":1844,"href":"http:\/\/fundacion-stresser.com.mx\/fr\/wp-json\/wp\/v2\/pages\/1699\/revisions\/1844"}],"wp:attachment":[{"href":"http:\/\/fundacion-stresser.com.mx\/fr\/wp-json\/wp\/v2\/media?parent=1699"}],"curies":[{"name":"wp","href":"https:\/\/api.w.org\/{rel}","templated":true}]}}