{"id":636,"date":"2017-07-31T09:59:17","date_gmt":"2017-07-31T14:59:17","guid":{"rendered":"http:\/\/fundacion-stresser.com.mx\/beta\/fr\/?page_id=636"},"modified":"2025-08-22T10:02:26","modified_gmt":"2025-08-22T15:02:26","slug":"bourses","status":"publish","type":"page","link":"http:\/\/fundacion-stresser.com.mx\/fr\/bourses\/","title":{"rendered":"Bourses"},"content":{"rendered":"<p>[vc_section css=\u00a0\u00bb.vc_custom_1551290147430{margin-top: 0px !important;padding-top: 0px !important;padding-bottom: 55px !important;}\u00a0\u00bb][vc_row][vc_column][vc_separator color=\u00a0\u00bbcustom\u00a0\u00bb el_width=\u00a0\u00bb10&Prime; accent_color=\u00a0\u00bb#adadad\u00a0\u00bb][vc_column_text]Compte tenu du fait que les locaux du Centre d\u2019\u00c9tudes Mexicaines et Centram\u00e9ricaines (CEMCA) subiront des r\u00e9novations compl\u00e8tes tout au long de l&rsquo;ann\u00e9e 2026 et que le travail des laboratoires d&rsquo;arch\u00e9ologie sera temporairement restreint et\/ou d\u00e9centralis\u00e9, <strong>la Fondation Stresser-P\u00e9an n\u2019ouvrira pas d\u2019appel \u00e0 concourir \u00e0 une bourse de r\u00e9alisation d\u2019une maestria en arch\u00e9ologie<\/strong>, les laur\u00e9ats de ces bourses devant, en plus de pr\u00e9parer leur th\u00e8se, r\u00e9aliser des activit\u00e9s de soutien \u00e0 ces laboratoires.[\/vc_column_text][\/vc_column][\/vc_row][\/vc_section]<\/p>\n","protected":false},"excerpt":{"rendered":"<p>[vc_section css=\u00a0\u00bb.vc_custom_1551290147430{margin-top: 0px !important;padding-top: 0px !important;padding-bottom: 55px !important;}\u00a0\u00bb][vc_row][vc_column][vc_separator color=\u00a0\u00bbcustom\u00a0\u00bb el_width=\u00a0\u00bb10&Prime; accent_color=\u00a0\u00bb#adadad\u00a0\u00bb][vc_column_text]Compte tenu du fait que les locaux du Centre d\u2019\u00c9tudes\u2026 <a href=\"http:\/\/fundacion-stresser.com.mx\/fr\/bourses\/\">more<\/a><\/p>\n","protected":false},"author":1,"featured_media":0,"parent":0,"menu_order":0,"comment_status":"closed","ping_status":"closed","template":"","meta":{"footnotes":""},"_links":{"self":[{"href":"http:\/\/fundacion-stresser.com.mx\/fr\/wp-json\/wp\/v2\/pages\/636"}],"collection":[{"href":"http:\/\/fundacion-stresser.com.mx\/fr\/wp-json\/wp\/v2\/pages"}],"about":[{"href":"http:\/\/fundacion-stresser.com.mx\/fr\/wp-json\/wp\/v2\/types\/page"}],"author":[{"embeddable":true,"href":"http:\/\/fundacion-stresser.com.mx\/fr\/wp-json\/wp\/v2\/users\/1"}],"replies":[{"embeddable":true,"href":"http:\/\/fundacion-stresser.com.mx\/fr\/wp-json\/wp\/v2\/comments?post=636"}],"version-history":[{"count":21,"href":"http:\/\/fundacion-stresser.com.mx\/fr\/wp-json\/wp\/v2\/pages\/636\/revisions"}],"predecessor-version":[{"id":1886,"href":"http:\/\/fundacion-stresser.com.mx\/fr\/wp-json\/wp\/v2\/pages\/636\/revisions\/1886"}],"wp:attachment":[{"href":"http:\/\/fundacion-stresser.com.mx\/fr\/wp-json\/wp\/v2\/media?parent=636"}],"curies":[{"name":"wp","href":"https:\/\/api.w.org\/{rel}","templated":true}]}}